{"id":131,"date":"2023-10-27T21:06:00","date_gmt":"2023-10-27T19:06:00","guid":{"rendered":"http:\/\/www.martialis.fr\/?page_id=131"},"modified":"2023-10-29T16:48:17","modified_gmt":"2023-10-29T15:48:17","slug":"nous-contacter","status":"publish","type":"page","link":"https:\/\/www.martialis.fr\/index.php\/nous-contacter\/","title":{"rendered":"Nous contacter"},"content":{"rendered":"<div data-colibri-id=\"131-c1\" class=\"style-339 style-local-131-c1 position-relative\">\r\n  <!---->\r\n  <div data-colibri-component=\"section\" data-colibri-id=\"131-c2\" id=\"contact\" class=\"h-section h-section-global-spacing d-flex align-items-lg-center align-items-md-center align-items-center style-340 style-local-131-c2 position-relative\">\r\n    <div class=\"background-wrapper\">\r\n      <div class=\"background-layer background-layer-media-container-lg\">\r\n        <!---->\r\n        <div class=\"overlay-layer\">\r\n          <div class=\"overlay-image-layer\" style=\"background-color: rgb(23, 37, 42); opacity: 0.5;\"><\/div>\r\n        <\/div>\r\n      <\/div>\r\n      <div class=\"background-layer background-layer-media-container-md\">\r\n        <!---->\r\n        <div class=\"overlay-layer\">\r\n          <div class=\"overlay-image-layer\" style=\"background-color: rgb(23, 37, 42); opacity: 0.5;\"><\/div>\r\n        <\/div>\r\n      <\/div>\r\n      <div class=\"background-layer background-layer-media-container\">\r\n        <!---->\r\n        <div class=\"overlay-layer\">\r\n          <div class=\"overlay-image-layer\" style=\"background-color: rgb(23, 37, 42); opacity: 0.5;\"><\/div>\r\n        <\/div>\r\n      <\/div>\r\n    <\/div>\r\n    <!---->\r\n    <div class=\"h-section-grid-container h-section-boxed-container\">\r\n      <!---->\r\n      <div data-colibri-id=\"131-c3\" class=\"h-row-container gutters-row-lg-2 gutters-row-md-2 gutters-row-2 gutters-row-v-lg-2 gutters-row-v-md-2 gutters-row-v-2 style-341 style-local-131-c3 position-relative\">\r\n        <!---->\r\n        <div class=\"h-row justify-content-lg-center justify-content-md-center justify-content-center align-items-lg-stretch align-items-md-stretch align-items-stretch gutters-col-lg-2 gutters-col-md-2 gutters-col-2 gutters-col-v-lg-2 gutters-col-v-md-2 gutters-col-v-2\">\r\n          <!---->\r\n          <div class=\"h-column h-column-container d-flex h-col-lg-auto h-col-md-auto h-col-auto style-342-outer style-local-131-c4-outer\">\r\n            <div data-colibri-id=\"131-c4\" class=\"d-flex h-flex-basis h-column__inner h-px-lg-0 h-px-md-0 h-px-0 v-inner-lg-0 v-inner-md-0 v-inner-0 style-342 style-local-131-c4 position-relative\">\r\n              <!---->\r\n              <!---->\r\n              <div class=\"w-100 h-y-container h-column__content h-column__v-align flex-basis-100 align-self-lg-start align-self-md-start align-self-start\">\r\n                <!---->\r\n                <div data-colibri-id=\"131-c5\" class=\"h-row-container gutters-row-lg-0 gutters-row-md-0 gutters-row-0 gutters-row-v-lg-0 gutters-row-v-md-0 gutters-row-v-0 style-343 style-local-131-c5 position-relative\">\r\n                  <!---->\r\n                  <div class=\"h-row justify-content-lg-center justify-content-md-center justify-content-center align-items-lg-stretch align-items-md-stretch align-items-stretch gutters-col-lg-0 gutters-col-md-0 gutters-col-0 gutters-col-v-lg-0 gutters-col-v-md-0 gutters-col-v-0\">\r\n                    <!---->\r\n                    <div class=\"h-column h-column-container d-flex h-col-lg-auto h-col-md-auto h-col-auto style-344-outer style-local-131-c6-outer\">\r\n                      <div data-colibri-id=\"131-c6\" class=\"d-flex h-flex-basis h-column__inner h-px-lg-0 h-px-md-0 h-px-0 v-inner-lg-0 v-inner-md-0 v-inner-0 style-344 style-local-131-c6 position-relative\">\r\n                        <!---->\r\n                        <!---->\r\n                        <div class=\"w-100 h-y-container h-column__content h-column__v-align flex-basis-100 align-self-lg-center align-self-md-center align-self-center\">\r\n                          <!---->\r\n                          <div data-colibri-id=\"131-c7\" class=\"h-global-transition-all h-heading style-345 style-local-131-c7 position-relative h-element\">\r\n                            <!---->\r\n                            <div class=\"h-heading__outer style-345 style-local-131-c7\">\r\n                              <!---->\r\n                              <!---->\r\n                              <h4 class=\"\">restons en contact<\/h4>\r\n                            <\/div>\r\n                          <\/div>\r\n                          <div data-colibri-id=\"131-c8\" class=\"h-icon style-346 style-local-131-c8 position-relative h-element\">\r\n                            <!----><span class=\"h-svg-icon h-icon__icon style-346-icon style-local-131-c8-icon\"><!--Icon by Icons8 Line Awesome (https:\/\/icons8.com\/line-awesome)--><svg version=\"1.1\" xmlns=\"http:\/\/www.w3.org\/2000\/svg\" xmlns:xlink=\"http:\/\/www.w3.org\/1999\/xlink\" id=\"binoculars\" viewBox=\"0 0 512 545.5\"><path d=\"M176 112c29.713 0 53.785 20.558 61 48h38c7.215-27.442 31.287-48 61-48 31.48 0 56.644 23.064 62 53 30.428 7.807 56.326 27.65 68 56v.5l.5.5L503 324c5.795 13.502 9 28.423 9 44 0 61.666-50.334 112-112 112-55.546 0-101.847-40.826-110.5-94-8.688 8.553-20.476 14-33.5 14s-24.813-5.447-33.5-14c-8.653 53.174-54.954 94-110.5 94C50.334 480 0 429.666 0 368c0-17.54 4.253-34.19 11.5-49l34-95.5h.5c11.496-31.205 37.775-50.882 68-58.5 5.356-29.936 30.52-53 62-53zm0 32c-19.043 0-32 12.957-32 32v14.5l-14.5 1.5c-24.565 2.586-44.21 17.225-53.5 42v.5L64 267c14.557-6.945 30.852-11 48-11 46.792 0 86.797 29.08 103.5 70 8.577-13.29 23.658-22 40.5-22s31.923 8.71 40.5 22c16.703-40.92 56.708-70 103.5-70 17.38 0 33.794 4.377 48.5 11.5l-12-34c-.14-.34-.354-.662-.5-1-9.246-21.422-29.724-37.997-53.5-40.5l-14.5-1.5V176c0-19.043-12.957-32-32-32s-32 12.957-32 32v16h-96v-16c0-19.043-12.957-32-32-32zm-64 144c-32.328 0-59.852 19.073-72.5 46.5-.28.606-.235 1.387-.5 2-4.2 9.743-7 20.17-7 31.5 0 44.372 35.628 80 80 80s80-35.628 80-80-35.628-80-80-80zm288 0c-44.372 0-80 35.628-80 80s35.628 80 80 80 80-35.628 80-80-35.628-80-80-80zm-144 48c-9.026 0-16 6.974-16 16s6.974 16 16 16 16-6.974 16-16-6.974-16-16-16z\"><\/path><\/svg><\/span><\/div>\r\n                          <div\r\n                            data-colibri-id=\"131-c9\" class=\"h-global-transition-all h-heading style-347 style-local-131-c9 position-relative h-element\">\r\n                            <!---->\r\n                            <div class=\"h-heading__outer style-347 style-local-131-c9\">\r\n                              <!---->\r\n                              <!---->\r\n                              <h5 class=\"\">Vous pouvez aussi nous joindre sur contact@martialis.fr\r\n                                <br>ou sur nos r\u00e9seaux sociaux<\/h5>\r\n                            <\/div>\r\n                        <\/div>\r\n                        <div data-colibri-id=\"131-c10\" class=\"style-348 style-local-131-c10 position-relative h-element\">\r\n                          <!---->\r\n                          <div class=\"d-flex flex-wrap h-social-icons justify-content-lg-center justify-content-md-center justify-content-center\">\r\n                            <div class=\"social-icon-container d-inline-flex\">\r\n                              <div class=\"icon-container h-social-icon h-global-transition\">\r\n                                <div class=\"h-icon-svg\" style=\"width: 100%; height: 100%;\">\r\n                                  <!--Icon by Font Awesome (https:\/\/fontawesome.com)-->\r\n                                  <svg version=\"1.1\" xmlns=\"http:\/\/www.w3.org\/2000\/svg\" xmlns:xlink=\"http:\/\/www.w3.org\/1999\/xlink\" id=\"facebook-square\" viewBox=\"0 0 1536 1896.0833\">\r\n                                    <path d=\"M1248 128q119 0 203.5 84.5T1536 416v960q0 119-84.5 203.5T1248 1664h-188v-595h199l30-232h-229V689q0-56 23.5-84t91.5-28l122-1V369q-63-9-178-9-136 0-217.5 80T820 666v171H620v232h200v595H288q-119 0-203.5-84.5T0 1376V416q0-119 84.5-203.5T288 128h960z\"><\/path>\r\n                                  <\/svg>\r\n                                <\/div>\r\n                              <\/div>\r\n                            <\/div>\r\n                            <div class=\"social-icon-container d-inline-flex\">\r\n                              <div class=\"icon-container h-social-icon h-global-transition\">\r\n                                <div class=\"h-icon-svg\" style=\"width: 100%; height: 100%;\">\r\n                                  <!--Icon by Font Awesome (https:\/\/fontawesome.com)-->\r\n                                  <svg version=\"1.1\" xmlns=\"http:\/\/www.w3.org\/2000\/svg\" xmlns:xlink=\"http:\/\/www.w3.org\/1999\/xlink\" id=\"twitter-square\" viewBox=\"0 0 1536 1896.0833\">\r\n                                    <path d=\"M1280 610q-56 25-121 34 68-40 93-117-65 38-134 51-61-66-153-66-87 0-148.5 61.5T755 722q0 29 5 48-129-7-242-65T326 550q-29 50-29 106 0 114 91 175-47-1-100-26v2q0 75 50 133.5t123 72.5q-29 8-51 8-13 0-39-4 21 63 74.5 104t121.5 42q-116 90-261 90-26 0-50-3 148 94 322 94 112 0 210-35.5t168-95 120.5-137 75-162T1176 746q0-18-1-27 63-45 105-109zm256-194v960q0 119-84.5 203.5T1248 1664H288q-119 0-203.5-84.5T0 1376V416q0-119 84.5-203.5T288 128h960q119 0 203.5 84.5T1536 416z\"><\/path>\r\n                                  <\/svg>\r\n                                <\/div>\r\n                              <\/div>\r\n                            <\/div>\r\n                            <div class=\"social-icon-container d-inline-flex\">\r\n                              <div class=\"icon-container h-social-icon h-global-transition\">\r\n                                <div class=\"h-icon-svg\" style=\"width: 100%; height: 100%;\">\r\n                                  <!--Icon by Font Awesome (https:\/\/fontawesome.com)-->\r\n                                  <svg version=\"1.1\" xmlns=\"http:\/\/www.w3.org\/2000\/svg\" xmlns:xlink=\"http:\/\/www.w3.org\/1999\/xlink\" id=\"youtube-square\" viewBox=\"0 0 1536 1896.0833\">\r\n                                    <path d=\"M919 1303v-157q0-50-29-50-17 0-33 16v224q16 16 33 16 29 0 29-49zm184-122h66v-34q0-51-33-51t-33 51v34zM532 915v70h-80v423h-74V985h-78v-70h232zm201 126v367h-67v-40q-39 45-76 45-33 0-42-28-6-17-6-54v-290h66v270q0 24 1 26 1 15 15 15 20 0 42-31v-280h67zm252 111v146q0 52-7 73-12 42-53 42-35 0-68-41v36h-67V915h67v161q32-40 68-40 41 0 53 42 7 21 7 74zm251 129v9q0 29-2 43-3 22-15 40-27 40-80 40-52 0-81-38-21-27-21-86v-129q0-59 20-86 29-38 80-38t78 38q21 29 21 86v76h-133v65q0 51 34 51 24 0 30-26 0-1 .5-7t.5-16.5V1281h68zM785 457v156q0 51-32 51t-32-51V457q0-52 32-52t32 52zm533 713q0-177-19-260-10-44-43-73.5t-76-34.5q-136-15-412-15-275 0-411 15-44 5-76.5 34.5T238 910q-20 87-20 260 0 176 20 260 10 43 42.5 73t75.5 35q137 15 412 15t412-15q43-5 75.5-35t42.5-73q20-84 20-260zM563 519l90-296h-75l-51 195-53-195h-78q7 23 23 69l24 69q35 103 46 158v201h74V519zm289 81V470q0-58-21-87-29-38-78-38-51 0-78 38-21 29-21 87v130q0 58 21 87 27 38 78 38 49 0 78-38 21-27 21-87zm181 120h67V350h-67v283q-22 31-42 31-15 0-16-16-1-2-1-26V350h-67v293q0 37 6 55 11 27 43 27 36 0 77-45v40zm503-304v960q0 119-84.5 203.5T1248 1664H288q-119 0-203.5-84.5T0 1376V416q0-119 84.5-203.5T288 128h960q119 0 203.5 84.5T1536 416z\"><\/path>\r\n                                  <\/svg>\r\n                                <\/div>\r\n                              <\/div>\r\n                            <\/div>\r\n                            <div class=\"social-icon-container d-inline-flex\">\r\n                              <div class=\"icon-container h-social-icon h-global-transition\">\r\n                                <div class=\"h-icon-svg\" style=\"width: 100%; height: 100%;\">\r\n                                  <!--Icon by Font Awesome (https:\/\/fontawesome.com)-->\r\n                                  <svg version=\"1.1\" xmlns=\"http:\/\/www.w3.org\/2000\/svg\" xmlns:xlink=\"http:\/\/www.w3.org\/1999\/xlink\" id=\"vimeo-square\" viewBox=\"0 0 1536 1896.0833\">\r\n                                    <path d=\"M1292 638q10-216-161-222-231-8-312 261 44-19 82-19 85 0 74 96-4 57-74 167t-105 110q-43 0-82-169-13-54-45-255-30-189-160-177-59 7-164 100l-81 72-81 72 52 67q76-52 87-52 57 0 107 179 15 55 45 164.5t45 164.5q68 179 164 179 157 0 383-294 220-283 226-444zm244-222v960q0 119-84.5 203.5T1248 1664H288q-119 0-203.5-84.5T0 1376V416q0-119 84.5-203.5T288 128h960q119 0 203.5 84.5T1536 416z\"><\/path>\r\n                                  <\/svg>\r\n                                <\/div>\r\n                              <\/div>\r\n                            <\/div>\r\n                          <\/div>\r\n                        <\/div>\r\n                      <\/div>\r\n                    <\/div>\r\n                  <\/div>\r\n                  <div class=\"h-column h-column-container d-flex h-col-lg-auto h-col-md-auto h-col-auto style-349-outer style-local-131-c11-outer\">\r\n                    <div data-colibri-id=\"131-c11\" class=\"d-flex h-flex-basis h-column__inner h-px-lg-0 h-px-md-0 h-px-0 v-inner-lg-0 v-inner-md-0 v-inner-0 style-349 style-local-131-c11 position-relative\">\r\n                      <!---->\r\n                      <!---->\r\n                      <div class=\"w-100 h-y-container h-column__content h-column__v-align flex-basis-100 align-self-lg-center align-self-md-center align-self-center\">\r\n                        <!---->\r\n                        <div data-colibri-id=\"131-c12\" class=\"h-contact-form__outer--forminator style-350 style-local-131-c12 position-relative h-element\">\r\n                          <!---->\r\n                          <div class=\"h-global-transition-all h-global-transition h-global-transition-all h-contact-form-shortcode\"><div class=\"forminator-ui forminator-custom-form forminator-custom-form-149 forminator-design--material  forminator_ajax\" data-forminator-render=\"0\" data-form=\"forminator-module-149\" data-uid=\"69e1778c17bc0\"><br\/><\/div><form\n\t\t\t\tid=\"forminator-module-149\"\n\t\t\t\tclass=\"forminator-ui forminator-custom-form forminator-custom-form-149 forminator-design--material  forminator_ajax\"\n\t\t\t\tmethod=\"post\"\n\t\t\t\tdata-forminator-render=\"0\"\n\t\t\t\tdata-form-id=\"149\"\n\t\t\t\tenctype=\"multipart\/form-data\" data-color-option=\"default\" data-design=\"material\" data-grid=\"open\" style=\"display: none;\"\n\t\t\t\tdata-uid=\"69e1778c17bc0\"\n\t\t\t><div role=\"alert\" aria-live=\"polite\" class=\"forminator-response-message forminator-error\" aria-hidden=\"true\"><\/div><div class=\"forminator-row\"><div id=\"name-2\" class=\"forminator-field-name forminator-col forminator-col-12 \"><div class=\"forminator-field\"><label for=\"forminator-field-name-2_69e1778c17bc0\" id=\"forminator-field-name-2_69e1778c17bc0-label\" class=\"forminator-label\">Nom <span class=\"forminator-required\">*<\/span><\/label><input type=\"text\" name=\"name-2\" value=\"\" placeholder=\"Par exemple\u00a0: Jacques Martin\" id=\"forminator-field-name-2_69e1778c17bc0\" class=\"forminator-input forminator-name--field\" aria-required=\"true\" autocomplete=\"name\" \/><\/div><\/div><\/div><div class=\"forminator-row\"><div id=\"name-1\" class=\"forminator-field-name forminator-col forminator-col-12 \"><div class=\"forminator-field\"><label for=\"forminator-field-name-1_69e1778c17bc0\" id=\"forminator-field-name-1_69e1778c17bc0-label\" class=\"forminator-label\">Pr\u00e9nom <span class=\"forminator-required\">*<\/span><\/label><input type=\"text\" name=\"name-1\" value=\"\" placeholder=\"Par exemple\u00a0: Jean\" id=\"forminator-field-name-1_69e1778c17bc0\" class=\"forminator-input forminator-name--field\" aria-required=\"true\" autocomplete=\"name\" \/><\/div><\/div><\/div><div class=\"forminator-row\"><div id=\"email-1\" class=\"forminator-field-email forminator-col forminator-col-12 \"><div class=\"forminator-field\"><label for=\"forminator-field-email-1_69e1778c17bc0\" id=\"forminator-field-email-1_69e1778c17bc0-label\" class=\"forminator-label\">Adresse de messagerie <span class=\"forminator-required\">*<\/span><\/label><input type=\"email\" name=\"email-1\" value=\"\" placeholder=\"Par exemple\u00a0: jacques@martin.com\" id=\"forminator-field-email-1_69e1778c17bc0\" class=\"forminator-input forminator-email--field\" data-required=\"true\" aria-required=\"true\" autocomplete=\"email\" \/><\/div><\/div><\/div><div class=\"forminator-row\"><div id=\"phone-1\" class=\"forminator-field-phone forminator-col forminator-col-12 \"><div class=\"forminator-field\"><label for=\"forminator-field-phone-1_69e1778c17bc0\" id=\"forminator-field-phone-1_69e1778c17bc0-label\" class=\"forminator-label\">T\u00e9l\u00e9phone<\/label><input type=\"text\" name=\"phone-1\" value=\"\" placeholder=\"Par exemple\u00a0: +1 02 03 05 06\" id=\"forminator-field-phone-1_69e1778c17bc0\" class=\"forminator-input forminator-field--phone\" data-required=\"\" aria-required=\"false\" autocomplete=\"off\" data-national_mode=\"disabled\" data-country=\"fr\" data-validation=\"international\" \/><\/div><\/div><\/div><div class=\"forminator-row\"><div id=\"textarea-1\" class=\"forminator-field-textarea forminator-col forminator-col-12 \"><div class=\"forminator-field\"><label for=\"forminator-field-textarea-1_69e1778c17bc0\" id=\"forminator-field-textarea-1_69e1778c17bc0-label\" class=\"forminator-label\">Message <span class=\"forminator-required\">*<\/span><\/label><textarea name=\"textarea-1\" placeholder=\"Saisissez votre message\u2026\" id=\"forminator-field-textarea-1_69e1778c17bc0\" class=\"forminator-textarea\" rows=\"6\" style=\"min-height:140px;\" maxlength=\"180\" ><\/textarea><span id=\"forminator-field-textarea-1_69e1778c17bc0-description\" class=\"forminator-description\"><span data-limit=\"180\" data-type=\"characters\" data-editor=\"\">0 \/ 180<\/span><\/span><\/div><\/div><\/div><div class=\"forminator-row\" style=\"margin: 0;\"><div id=\"captcha-1\" class=\"forminator-field-captcha  forminator-col-12 \"><div class=\"forminator-captcha-left forminator-g-recaptcha recaptcha-invisible\" data-theme=\"light\" data-badge=\"bottomright\" data-sitekey=\"6LewbdgoAAAAAEpZD_N9S36_S8vM2kcIoOCj8J7U\" data-size=\"invisible\"><\/div> <\/div><\/div><div class=\"forminator-row\"><div id=\"upload-1\" class=\"forminator-field-upload forminator-col forminator-col-12 \"><div class=\"forminator-field\"><label for=\"forminator-field-upload-1_69e1778c17bc0\" id=\"forminator-field-upload-1_69e1778c17bc0-label\" class=\"forminator-label\">T\u00e9l\u00e9charger un fichier<\/label><div class=\"forminator-file-upload \" data-element=\"upload-1_69e1778c17bc0\"><input type=\"file\" name=\"upload-1\" id=\"forminator-field-upload-1_69e1778c17bc0\" class=\"forminator-input-file\" accept=\".webp,.doc,.docx,.xlsx,.xla,.xls,.xlt,.xlw\" tabindex=\"-1\"><button id=\"forminator-field-upload-1_69e1778c17bc0_button\" class=\"forminator-button forminator-button-upload\" data-id=\"forminator-field-upload-1_69e1778c17bc0\">Choisissez un fichier<\/button><span data-empty-text=\"Aucun fichier s\u00e9lectionn\u00e9\">Aucun fichier s\u00e9lectionn\u00e9<\/span><button class=\"forminator-button-delete\" style=\"display: none;\"><i class=\"forminator-icon-close\" aria-hidden=\"true\"><\/i><span class=\"forminator-screen-reader-only\">Supprimer le fichier t\u00e9l\u00e9vers\u00e9<\/span><\/button><\/div><\/div><\/div><\/div><input type=\"hidden\" name=\"referer_url\" value=\"\" \/><div class=\"forminator-row forminator-row-last\"><div class=\"forminator-col\"><div class=\"forminator-field\"><button class=\"forminator-button forminator-button-submit\"><span>Envoyer le message<\/span><span aria-hidden=\"true\"><\/span><\/button><\/div><\/div><\/div><input type=\"hidden\" id=\"forminator_nonce\" name=\"forminator_nonce\" value=\"7e3b6f2e1f\" \/><input type=\"hidden\" name=\"_wp_http_referer\" value=\"\/index.php\/wp-json\/wp\/v2\/pages\/131\" \/><input type=\"hidden\" name=\"form_id\" value=\"149\"><input type=\"hidden\" name=\"page_id\" value=\"131\"><input type=\"hidden\" name=\"form_type\" value=\"default\"><input type=\"hidden\" name=\"current_url\" value=\"https:\/\/www.martialis.fr\/index.php\/nous-contacter\/\"><input type=\"hidden\" name=\"render_id\" value=\"0\"><input type=\"hidden\" name=\"action\" value=\"forminator_submit_form_custom-forms\"><label for=\"input_7\" class=\"forminator-hidden\" aria-hidden=\"true\">Veuillez ne pas remplir ce champ. <input id=\"input_7\" type=\"text\" name=\"input_7\" value=\"\" autocomplete=\"off\"><\/label><\/form><\/div>\r\n                        <\/div>\r\n                      <\/div>\r\n                    <\/div>\r\n                  <\/div>\r\n                <\/div>\r\n              <\/div>\r\n            <\/div>\r\n          <\/div>\r\n        <\/div>\r\n      <\/div>\r\n    <\/div>\r\n  <\/div>\r\n<\/div>\r\n<\/div>","protected":false},"excerpt":{"rendered":"<p>restons en contact Vous pouvez aussi nous joindre sur contact@martialis.fr ou sur nos r\u00e9seaux sociaux<\/p>\n","protected":false},"author":1,"featured_media":0,"parent":0,"menu_order":0,"comment_status":"closed","ping_status":"closed","template":"page-templates\/full-width-page.php","meta":{"footnotes":""},"class_list":["post-131","page","type-page","status-publish","hentry"],"_links":{"self":[{"href":"https:\/\/www.martialis.fr\/index.php\/wp-json\/wp\/v2\/pages\/131","targetHints":{"allow":["GET"]}}],"collection":[{"href":"https:\/\/www.martialis.fr\/index.php\/wp-json\/wp\/v2\/pages"}],"about":[{"href":"https:\/\/www.martialis.fr\/index.php\/wp-json\/wp\/v2\/types\/page"}],"author":[{"embeddable":true,"href":"https:\/\/www.martialis.fr\/index.php\/wp-json\/wp\/v2\/users\/1"}],"replies":[{"embeddable":true,"href":"https:\/\/www.martialis.fr\/index.php\/wp-json\/wp\/v2\/comments?post=131"}],"version-history":[{"count":6,"href":"https:\/\/www.martialis.fr\/index.php\/wp-json\/wp\/v2\/pages\/131\/revisions"}],"predecessor-version":[{"id":227,"href":"https:\/\/www.martialis.fr\/index.php\/wp-json\/wp\/v2\/pages\/131\/revisions\/227"}],"wp:attachment":[{"href":"https:\/\/www.martialis.fr\/index.php\/wp-json\/wp\/v2\/media?parent=131"}],"curies":[{"name":"wp","href":"https:\/\/api.w.org\/{rel}","templated":true}]}}