{"id":166,"date":"2023-10-27T23:19:09","date_gmt":"2023-10-27T21:19:09","guid":{"rendered":"http:\/\/www.martialis.fr\/?page_id=166"},"modified":"2023-10-29T16:19:21","modified_gmt":"2023-10-29T15:19:21","slug":"qui-sommes-nous","status":"publish","type":"page","link":"https:\/\/www.martialis.fr\/index.php\/qui-sommes-nous\/","title":{"rendered":"Qui sommes nous ?"},"content":{"rendered":"\t\t<div data-elementor-type=\"wp-page\" data-elementor-id=\"166\" class=\"elementor elementor-166\">\n\t\t\t\t<div class=\"elementor-element elementor-element-58c49dd e-flex e-con-boxed e-con e-parent\" data-id=\"58c49dd\" data-element_type=\"container\" data-e-type=\"container\">\n\t\t\t\t\t<div class=\"e-con-inner\">\n\t\t\t\t<div class=\"elementor-element elementor-element-1f873c76 elementor-widget elementor-widget-text-editor\" data-id=\"1f873c76\" data-element_type=\"widget\" data-e-type=\"widget\" data-widget_type=\"text-editor.default\">\n\t\t\t\t<div class=\"elementor-widget-container\">\n\t\t\t\t\t\t\t\t\t\n<p>MARTIALIS est une S.A.S.U., elle est enregistr\u00e9e au RCS de Tarbes (65) depuis juin 2021.<\/p>\n\n\n\n<p>Son dirigeant, Fran\u00e7ois GRASSET a \u00e9t\u00e9 grossiste \u00e0 Lourdes pendant 12 ans, o\u00f9 il livrait les magasins de souvenirs lourdais.<\/p>\n\n\n\n<p>Avant cela il avait g\u00e9r\u00e9 un magasin d\u2019art dans la cit\u00e9 mariale. Il fait de l\u2019importation depuis la Chine depuis plus de 15 ans.<br>Il a donc une exp\u00e9rience de vendeur, de grossiste, de sourcing et d\u2019importation. Il va en Chine en moyenne 4 fois par an. Parall\u00e8lement il travaille pour des grossistes en tant qu\u2019agent de sourcing en Chine.<\/p>\n\n\n\n<p>Il travaille \u00e9galement encore pour ses clients lourdais qui ach\u00e8tent comme vous de la marchandise directement en Chine par le biais de sa soci\u00e9t\u00e9. Il dispose \u00e9galement d&rsquo;un catalogue sp\u00e9cial LOURDES.<\/p>\n\n\n\n<p>Il est  associ\u00e9 avec une \u00e9quipe d\u2019agents chinois, dirig\u00e9e par son agent avec laquelle il travaille depuis toujours.<\/p>\n\t\t\t\t\t\t\t\t<\/div>\n\t\t\t\t<\/div>\n\t\t\t\t\t<\/div>\n\t\t\t\t<\/div>\n\t\t\t\t<\/div>\n\t\t","protected":false},"excerpt":{"rendered":"<p>MARTIALIS est une S.A.S.U., elle est enregistr\u00e9e au RCS de Tarbes (65) depuis juin 2021. Son dirigeant, Fran\u00e7ois GRASSET a \u00e9t\u00e9 grossiste \u00e0 Lourdes pendant 12 ans, o\u00f9 il livrait les magasins de souvenirs lourdais. Avant cela il avait g\u00e9r\u00e9 un magasin d\u2019art dans la cit\u00e9 mariale. Il fait de l\u2019importation depuis la Chine depuis [&hellip;]<\/p>\n","protected":false},"author":1,"featured_media":0,"parent":0,"menu_order":0,"comment_status":"closed","ping_status":"closed","template":"","meta":{"footnotes":""},"class_list":["post-166","page","type-page","status-publish","hentry"],"_links":{"self":[{"href":"https:\/\/www.martialis.fr\/index.php\/wp-json\/wp\/v2\/pages\/166","targetHints":{"allow":["GET"]}}],"collection":[{"href":"https:\/\/www.martialis.fr\/index.php\/wp-json\/wp\/v2\/pages"}],"about":[{"href":"https:\/\/www.martialis.fr\/index.php\/wp-json\/wp\/v2\/types\/page"}],"author":[{"embeddable":true,"href":"https:\/\/www.martialis.fr\/index.php\/wp-json\/wp\/v2\/users\/1"}],"replies":[{"embeddable":true,"href":"https:\/\/www.martialis.fr\/index.php\/wp-json\/wp\/v2\/comments?post=166"}],"version-history":[{"count":6,"href":"https:\/\/www.martialis.fr\/index.php\/wp-json\/wp\/v2\/pages\/166\/revisions"}],"predecessor-version":[{"id":254,"href":"https:\/\/www.martialis.fr\/index.php\/wp-json\/wp\/v2\/pages\/166\/revisions\/254"}],"wp:attachment":[{"href":"https:\/\/www.martialis.fr\/index.php\/wp-json\/wp\/v2\/media?parent=166"}],"curies":[{"name":"wp","href":"https:\/\/api.w.org\/{rel}","templated":true}]}}