{"id":2,"date":"2023-10-20T19:04:20","date_gmt":"2023-10-20T17:04:20","guid":{"rendered":"http:\/\/www.martialis.fr\/?page_id=2"},"modified":"2024-10-24T16:50:10","modified_gmt":"2024-10-24T14:50:10","slug":"page-d-acceuil","status":"publish","type":"page","link":"https:\/\/www.martialis.fr\/","title":{"rendered":"Acceuil"},"content":{"rendered":"\t\t<div data-elementor-type=\"wp-page\" data-elementor-id=\"2\" class=\"elementor elementor-2\">\n\t\t\t\t<div class=\"elementor-element elementor-element-e069548 e-flex e-con-boxed e-con e-parent\" data-id=\"e069548\" data-element_type=\"container\" data-e-type=\"container\">\n\t\t\t\t\t<div class=\"e-con-inner\">\n\t\t\t\t\t<\/div>\n\t\t\t\t<\/div>\n\t\t<div class=\"elementor-element elementor-element-ac7aa7d e-flex e-con-boxed e-con e-parent\" data-id=\"ac7aa7d\" data-element_type=\"container\" data-e-type=\"container\">\n\t\t\t\t\t<div class=\"e-con-inner\">\n\t\t\t\t<div class=\"elementor-element elementor-element-c2a7673 elementor-widget elementor-widget-heading\" data-id=\"c2a7673\" data-element_type=\"widget\" data-e-type=\"widget\" data-widget_type=\"heading.default\">\n\t\t\t\t<div class=\"elementor-widget-container\">\n\t\t\t\t\t<h2 class=\"elementor-heading-title elementor-size-default\">Pr\u00e9sentation<\/h2>\t\t\t\t<\/div>\n\t\t\t\t<\/div>\n\t\t\t\t\t<\/div>\n\t\t\t\t<\/div>\n\t\t<div class=\"elementor-element elementor-element-1a671fdf e-flex e-con-boxed e-con e-parent\" data-id=\"1a671fdf\" data-element_type=\"container\" data-e-type=\"container\">\n\t\t\t\t\t<div class=\"e-con-inner\">\n\t\t\t\t<div class=\"elementor-element elementor-element-674eca11 elementor-widget elementor-widget-text-editor\" data-id=\"674eca11\" data-element_type=\"widget\" data-e-type=\"widget\" data-widget_type=\"text-editor.default\">\n\t\t\t\t<div class=\"elementor-widget-container\">\n\t\t\t\t\t\t\t\t\t<p>\u00ab\u00a0Martialis, votre partenaire en sourcing et importation, est d\u00e9di\u00e9 \u00e0 fournir une expertise aux professionnels d\u00e9sireux d\u2019importer des produits chinois en France et en Europe.<\/p>\n<p>\u00a0Notre \u00e9quipe en Chine se compose d&rsquo;une centaine d&rsquo;agents r\u00e9partis dans les principales provinces chinoises, chacun \u00e9tant un expert dans divers domaines.<\/p>\n<p>\u00a0En effet, nous couvrons une large gamme de secteurs d&rsquo;activit\u00e9s, tels que la bijouterie, la mode, les souvenirs, les outils, les mat\u00e9riaux de construction, les articles de plein air, les meubles, les loisirs, les jouets, les textiles, l&#8217;emballage, la d\u00e9coration, et bien d&rsquo;autres encore.<\/p>\n<p>Quel que soit votre besoin, nous sommes pr\u00eats \u00e0 r\u00e9pondre et \u00e0 d\u00e9passer les attentes de nos clients.\u00a0\u00bb<\/p>\n\t\t\t\t\t\t\t\t<\/div>\n\t\t\t\t<\/div>\n\t\t\t\t\t<\/div>\n\t\t\t\t<\/div>\n\t\t<div class=\"elementor-element elementor-element-efc7440 e-flex e-con-boxed e-con e-parent\" data-id=\"efc7440\" data-element_type=\"container\" data-e-type=\"container\">\n\t\t\t\t\t<div class=\"e-con-inner\">\n\t\t\t\t<div class=\"elementor-element elementor-element-cb52f63 elementor-widget elementor-widget-heading\" data-id=\"cb52f63\" data-element_type=\"widget\" data-e-type=\"widget\" data-widget_type=\"heading.default\">\n\t\t\t\t<div class=\"elementor-widget-container\">\n\t\t\t\t\t<h2 class=\"elementor-heading-title elementor-size-default\">Foire aux questions concernant notre catalogue plage 2024<\/h2>\t\t\t\t<\/div>\n\t\t\t\t<\/div>\n\t\t\t\t<div class=\"elementor-element elementor-element-200c8dd elementor-widget elementor-widget-toggle\" data-id=\"200c8dd\" data-element_type=\"widget\" data-e-type=\"widget\" data-widget_type=\"toggle.default\">\n\t\t\t\t<div class=\"elementor-widget-container\">\n\t\t\t\t\t\t\t<div class=\"elementor-toggle\">\n\t\t\t\t\t\t\t<div class=\"elementor-toggle-item\">\n\t\t\t\t\t<div id=\"elementor-tab-title-3361\" class=\"elementor-tab-title\" data-tab=\"1\" role=\"button\" aria-controls=\"elementor-tab-content-3361\" aria-expanded=\"false\">\n\t\t\t\t\t\t\t\t\t\t\t\t<span class=\"elementor-toggle-icon elementor-toggle-icon-left\" aria-hidden=\"true\">\n\t\t\t\t\t\t\t\t\t\t\t\t\t\t\t<span class=\"elementor-toggle-icon-closed\"><i class=\"fas fa-caret-right\"><\/i><\/span>\n\t\t\t\t\t\t\t\t<span class=\"elementor-toggle-icon-opened\"><i class=\"elementor-toggle-icon-opened fas fa-caret-up\"><\/i><\/span>\n\t\t\t\t\t\t\t\t\t\t\t\t\t<\/span>\n\t\t\t\t\t\t\t\t\t\t\t\t<a class=\"elementor-toggle-title\" tabindex=\"0\">Quelle est la qualit\u00e9 des articles r\u00e9f\u00e9renc\u00e9s ?<\/a>\n\t\t\t\t\t<\/div>\n\n\t\t\t\t\t<div id=\"elementor-tab-content-3361\" class=\"elementor-tab-content elementor-clearfix\" data-tab=\"1\" role=\"region\" aria-labelledby=\"elementor-tab-title-3361\"><p>Nous avons s\u00e9lectionn\u00e9 des articles de bonne qualit\u00e9, car nous avons conscience que nous ne pourrons pas passer tous les jours vous voir pour reprendre les articles d\u00e9fectueux.<\/p>\n<p>\u00a0Il est donc essentiel d\u2019\u00e9viter les articles de mauvaise qualit\u00e9, et la qualit\u00e9 a un prix.<\/p>\n<p>C\u2019est pour cela que Martialis connait la plupart des fabricants qu\u2019elle a rencontr\u00e9 et avec qui elle travaille.<\/p>\n<p>Tous les articles n\u00e9cessitant une certification CE disposent effectivement de certificats CE authentiques, appuy\u00e9s par des rapports de test, qui sont fournis aux autorit\u00e9s douani\u00e8res fran\u00e7aises.<\/p>\n<p>\u00a0En cas de probl\u00e8me avec un ou des articles, nous vous rembourserons la marchandise par des remises sur d\u2019autres commandes l\u2019ann\u00e9e suivante.<\/p>\n<p>Il est important de noter que le risque z\u00e9ro n\u2019existe pas.<\/p><\/div>\n\t\t\t\t<\/div>\n\t\t\t\t\t\t\t<div class=\"elementor-toggle-item\">\n\t\t\t\t\t<div id=\"elementor-tab-title-3362\" class=\"elementor-tab-title\" data-tab=\"2\" role=\"button\" aria-controls=\"elementor-tab-content-3362\" aria-expanded=\"false\">\n\t\t\t\t\t\t\t\t\t\t\t\t<span class=\"elementor-toggle-icon elementor-toggle-icon-left\" aria-hidden=\"true\">\n\t\t\t\t\t\t\t\t\t\t\t\t\t\t\t<span class=\"elementor-toggle-icon-closed\"><i class=\"fas fa-caret-right\"><\/i><\/span>\n\t\t\t\t\t\t\t\t<span class=\"elementor-toggle-icon-opened\"><i class=\"elementor-toggle-icon-opened fas fa-caret-up\"><\/i><\/span>\n\t\t\t\t\t\t\t\t\t\t\t\t\t<\/span>\n\t\t\t\t\t\t\t\t\t\t\t\t<a class=\"elementor-toggle-title\" tabindex=\"0\">Comment \u00eatre s\u00fbr de recevoir ce que l'on a command\u00e9 ?<\/a>\n\t\t\t\t\t<\/div>\n\n\t\t\t\t\t<div id=\"elementor-tab-content-3362\" class=\"elementor-tab-content elementor-clearfix\" data-tab=\"2\" role=\"region\" aria-labelledby=\"elementor-tab-title-3362\"><p>C\u2019est Martialis qui contr\u00f4le les produits lorsqu\u2019ils arrivent dans notre entrep\u00f4t de Jinhua, Zheijang.<\/p>\n<p>C\u2019est \u00e9galement nous qui faisons les colis pour chaque client, avec nos \u00e9quipes.<\/p>\n<p>C\u2019est donc \u00e0 Martialis qu\u2019incombe la responsabilit\u00e9 de la conformit\u00e9 des articles livr\u00e9s \u00e0 sa client\u00e8le.<\/p><\/div>\n\t\t\t\t<\/div>\n\t\t\t\t\t\t\t<div class=\"elementor-toggle-item\">\n\t\t\t\t\t<div id=\"elementor-tab-title-3363\" class=\"elementor-tab-title\" data-tab=\"3\" role=\"button\" aria-controls=\"elementor-tab-content-3363\" aria-expanded=\"false\">\n\t\t\t\t\t\t\t\t\t\t\t\t<span class=\"elementor-toggle-icon elementor-toggle-icon-left\" aria-hidden=\"true\">\n\t\t\t\t\t\t\t\t\t\t\t\t\t\t\t<span class=\"elementor-toggle-icon-closed\"><i class=\"fas fa-caret-right\"><\/i><\/span>\n\t\t\t\t\t\t\t\t<span class=\"elementor-toggle-icon-opened\"><i class=\"elementor-toggle-icon-opened fas fa-caret-up\"><\/i><\/span>\n\t\t\t\t\t\t\t\t\t\t\t\t\t<\/span>\n\t\t\t\t\t\t\t\t\t\t\t\t<a class=\"elementor-toggle-title\" tabindex=\"0\">Puis-je commander mes produits directement depuis votre site ?<\/a>\n\t\t\t\t\t<\/div>\n\n\t\t\t\t\t<div id=\"elementor-tab-content-3363\" class=\"elementor-tab-content elementor-clearfix\" data-tab=\"3\" role=\"region\" aria-labelledby=\"elementor-tab-title-3363\"><p>Non. Vous pouvez toutefois t\u00e9l\u00e9charger notre catalogue ainsi que le bon de commande depuis notre site. Une fois ce dernier d\u00fbment rempli, vous pouvez nous le retourner directement depuis notre site internet.<\/p>\n<p>Pour ce faire, il vous suffit d&rsquo;aller dans la rubrique \u00ab\u00a0Nous contacter\u00a0\u00bb\u00a0 et de remplir le formulaire de contact. A la fin de celui ci,\u00a0 cliquez sur le bouton \u00a0\u00bb t\u00e9l\u00e9charger un fichier \u00a0\u00bb , vous pourrez alors s\u00e9lectionner votre fichier bon de commande. Puis cliquez sur le bouton \u00a0\u00bb envoyer un message\u00a0\u00bb. Et c&rsquo;est tout !<\/p><\/div>\n\t\t\t\t<\/div>\n\t\t\t\t\t\t\t<div class=\"elementor-toggle-item\">\n\t\t\t\t\t<div id=\"elementor-tab-title-3364\" class=\"elementor-tab-title\" data-tab=\"4\" role=\"button\" aria-controls=\"elementor-tab-content-3364\" aria-expanded=\"false\">\n\t\t\t\t\t\t\t\t\t\t\t\t<span class=\"elementor-toggle-icon elementor-toggle-icon-left\" aria-hidden=\"true\">\n\t\t\t\t\t\t\t\t\t\t\t\t\t\t\t<span class=\"elementor-toggle-icon-closed\"><i class=\"fas fa-caret-right\"><\/i><\/span>\n\t\t\t\t\t\t\t\t<span class=\"elementor-toggle-icon-opened\"><i class=\"elementor-toggle-icon-opened fas fa-caret-up\"><\/i><\/span>\n\t\t\t\t\t\t\t\t\t\t\t\t\t<\/span>\n\t\t\t\t\t\t\t\t\t\t\t\t<a class=\"elementor-toggle-title\" tabindex=\"0\">Comment r\u00e9gler la commande ?<\/a>\n\t\t\t\t\t<\/div>\n\n\t\t\t\t\t<div id=\"elementor-tab-content-3364\" class=\"elementor-tab-content elementor-clearfix\" data-tab=\"4\" role=\"region\" aria-labelledby=\"elementor-tab-title-3364\"><p>A la r\u00e9ception de votre commande, nous \u00e9mettrons une facture correspondant \u00e0 50% du montant total de la commande, incluant les coordonn\u00e9es bancaires de notre soci\u00e9t\u00e9, pour que vous puissiez effectuer un virement.<\/p>\n<p>Une fois la marchandise inspect\u00e9e dans notre entrep\u00f4t \u00e0 Jinhua, nous vous adresserons une deuxi\u00e8me facture pour les 50% restants.<\/p>\n<p>La marchandise ne peut pas quitter la Chine tant qu\u2019elle n\u2019est pas pay\u00e9e.<\/p><\/div>\n\t\t\t\t<\/div>\n\t\t\t\t\t\t\t<div class=\"elementor-toggle-item\">\n\t\t\t\t\t<div id=\"elementor-tab-title-3365\" class=\"elementor-tab-title\" data-tab=\"5\" role=\"button\" aria-controls=\"elementor-tab-content-3365\" aria-expanded=\"false\">\n\t\t\t\t\t\t\t\t\t\t\t\t<span class=\"elementor-toggle-icon elementor-toggle-icon-left\" aria-hidden=\"true\">\n\t\t\t\t\t\t\t\t\t\t\t\t\t\t\t<span class=\"elementor-toggle-icon-closed\"><i class=\"fas fa-caret-right\"><\/i><\/span>\n\t\t\t\t\t\t\t\t<span class=\"elementor-toggle-icon-opened\"><i class=\"elementor-toggle-icon-opened fas fa-caret-up\"><\/i><\/span>\n\t\t\t\t\t\t\t\t\t\t\t\t\t<\/span>\n\t\t\t\t\t\t\t\t\t\t\t\t<a class=\"elementor-toggle-title\" tabindex=\"0\">Que comprend le prix de chaque article ?<\/a>\n\t\t\t\t\t<\/div>\n\n\t\t\t\t\t<div id=\"elementor-tab-content-3365\" class=\"elementor-tab-content elementor-clearfix\" data-tab=\"5\" role=\"region\" aria-labelledby=\"elementor-tab-title-3365\"><p>Dans le catalogue, chaque prix est exprim\u00e9 H.T.<\/p>\n<p>Sur ces prix-l\u00e0 vous devrez payer la TVA.<\/p>\n<p>Ce prix H.T. comprend le prix usine EXW + le port FOB \u00e0 Ningbo + le transport jusqu\u2019\u00e0 votre magasin (o\u00f9 vous voulez) + les taxes de d\u00e9douanement + le co\u00fbt du transitaire.<\/p>\n<p>Vous ne paierez pas un centime de plus, \u00e0 part la TVA. Ce prix est un prix total jusqu\u2019\u00e0 la livraison chez vous.<\/p>\n<p>Bref il s\u2019agit d\u2019un prix \u00ab\u00a0livr\u00e9 chez vous\u00a0\u00bb.<\/p><\/div>\n\t\t\t\t<\/div>\n\t\t\t\t\t\t\t<div class=\"elementor-toggle-item\">\n\t\t\t\t\t<div id=\"elementor-tab-title-3366\" class=\"elementor-tab-title\" data-tab=\"6\" role=\"button\" aria-controls=\"elementor-tab-content-3366\" aria-expanded=\"false\">\n\t\t\t\t\t\t\t\t\t\t\t\t<span class=\"elementor-toggle-icon elementor-toggle-icon-left\" aria-hidden=\"true\">\n\t\t\t\t\t\t\t\t\t\t\t\t\t\t\t<span class=\"elementor-toggle-icon-closed\"><i class=\"fas fa-caret-right\"><\/i><\/span>\n\t\t\t\t\t\t\t\t<span class=\"elementor-toggle-icon-opened\"><i class=\"elementor-toggle-icon-opened fas fa-caret-up\"><\/i><\/span>\n\t\t\t\t\t\t\t\t\t\t\t\t\t<\/span>\n\t\t\t\t\t\t\t\t\t\t\t\t<a class=\"elementor-toggle-title\" tabindex=\"0\">Qui s'occupe de l'importation ?<\/a>\n\t\t\t\t\t<\/div>\n\n\t\t\t\t\t<div id=\"elementor-tab-content-3366\" class=\"elementor-tab-content elementor-clearfix\" data-tab=\"6\" role=\"region\" aria-labelledby=\"elementor-tab-title-3366\"><p>MARTIALIS s\u2019occupe de tout.<\/p>\n<p>\u00a0Vous commandez, recevez et revendez les produits achet\u00e9s. Et c\u2019est tout\u00a0!<\/p>\n<p>MARTIALIS est une agence de service d\u2019importation, c\u2019est donc \u00e0 elle qu\u2019incombe la partie administrative du job.<\/p><\/div>\n\t\t\t\t<\/div>\n\t\t\t\t\t\t\t<div class=\"elementor-toggle-item\">\n\t\t\t\t\t<div id=\"elementor-tab-title-3367\" class=\"elementor-tab-title\" data-tab=\"7\" role=\"button\" aria-controls=\"elementor-tab-content-3367\" aria-expanded=\"false\">\n\t\t\t\t\t\t\t\t\t\t\t\t<span class=\"elementor-toggle-icon elementor-toggle-icon-left\" aria-hidden=\"true\">\n\t\t\t\t\t\t\t\t\t\t\t\t\t\t\t<span class=\"elementor-toggle-icon-closed\"><i class=\"fas fa-caret-right\"><\/i><\/span>\n\t\t\t\t\t\t\t\t<span class=\"elementor-toggle-icon-opened\"><i class=\"elementor-toggle-icon-opened fas fa-caret-up\"><\/i><\/span>\n\t\t\t\t\t\t\t\t\t\t\t\t\t<\/span>\n\t\t\t\t\t\t\t\t\t\t\t\t<a class=\"elementor-toggle-title\" tabindex=\"0\">Quand serais je livr\u00e9 ?<\/a>\n\t\t\t\t\t<\/div>\n\n\t\t\t\t\t<div id=\"elementor-tab-content-3367\" class=\"elementor-tab-content elementor-clearfix\" data-tab=\"7\" role=\"region\" aria-labelledby=\"elementor-tab-title-3367\"><p>Vous devriez normalement \u00eatre livr\u00e9s vers la fin du mois d\u2019avril, conform\u00e9ment au cahiers des charges mis en place avec nos collaborateurs et partenaires chinois.<\/p>\n<p>Cependant, Martialis ne pourrait \u00eatre tenu pour responsable en cas de retard li\u00e9s \u00e0 des cas de force majeur comme, par exemples, d\u2019\u00e9ventuels conflits mondiaux, des gr\u00e8ves de dockers ou des douanes\u2026<\/p><\/div>\n\t\t\t\t<\/div>\n\t\t\t\t\t\t\t<div class=\"elementor-toggle-item\">\n\t\t\t\t\t<div id=\"elementor-tab-title-3368\" class=\"elementor-tab-title\" data-tab=\"8\" role=\"button\" aria-controls=\"elementor-tab-content-3368\" aria-expanded=\"false\">\n\t\t\t\t\t\t\t\t\t\t\t\t<span class=\"elementor-toggle-icon elementor-toggle-icon-left\" aria-hidden=\"true\">\n\t\t\t\t\t\t\t\t\t\t\t\t\t\t\t<span class=\"elementor-toggle-icon-closed\"><i class=\"fas fa-caret-right\"><\/i><\/span>\n\t\t\t\t\t\t\t\t<span class=\"elementor-toggle-icon-opened\"><i class=\"elementor-toggle-icon-opened fas fa-caret-up\"><\/i><\/span>\n\t\t\t\t\t\t\t\t\t\t\t\t\t<\/span>\n\t\t\t\t\t\t\t\t\t\t\t\t<a class=\"elementor-toggle-title\" tabindex=\"0\">Que faire en cas de litige ?<\/a>\n\t\t\t\t\t<\/div>\n\n\t\t\t\t\t<div id=\"elementor-tab-content-3368\" class=\"elementor-tab-content elementor-clearfix\" data-tab=\"8\" role=\"region\" aria-labelledby=\"elementor-tab-title-3368\"><p>En cas de d\u00e9saccord ou de litige, vous devriez vous retourner contre MARTIALIS, soci\u00e9t\u00e9 immatricul\u00e9e et domicili\u00e9e en France, car c\u2019est elle qui vous facture.<\/p>\n<p>Vous n\u2019auriez donc pas \u00e0 vous livrer \u00e0 des batailles juridiques avec des soci\u00e9t\u00e9s chinoises<\/p><\/div>\n\t\t\t\t<\/div>\n\t\t\t\t\t\t\t\t<\/div>\n\t\t\t\t\t\t<\/div>\n\t\t\t\t<\/div>\n\t\t\t\t\t<\/div>\n\t\t\t\t<\/div>\n\t\t\t\t<\/div>\n\t\t","protected":false},"excerpt":{"rendered":"<p>Pr\u00e9sentation \u00ab\u00a0Martialis, votre partenaire en sourcing et importation, est d\u00e9di\u00e9 \u00e0 fournir une expertise aux professionnels d\u00e9sireux d\u2019importer des produits chinois en France et en Europe. \u00a0Notre \u00e9quipe en Chine se compose d&rsquo;une centaine d&rsquo;agents r\u00e9partis dans les principales provinces chinoises, chacun \u00e9tant un expert dans divers domaines. \u00a0En effet, nous couvrons une large gamme [&hellip;]<\/p>\n","protected":false},"author":1,"featured_media":0,"parent":0,"menu_order":0,"comment_status":"closed","ping_status":"closed","template":"elementor_theme","meta":{"footnotes":""},"class_list":["post-2","page","type-page","status-publish","hentry"],"_links":{"self":[{"href":"https:\/\/www.martialis.fr\/index.php\/wp-json\/wp\/v2\/pages\/2","targetHints":{"allow":["GET"]}}],"collection":[{"href":"https:\/\/www.martialis.fr\/index.php\/wp-json\/wp\/v2\/pages"}],"about":[{"href":"https:\/\/www.martialis.fr\/index.php\/wp-json\/wp\/v2\/types\/page"}],"author":[{"embeddable":true,"href":"https:\/\/www.martialis.fr\/index.php\/wp-json\/wp\/v2\/users\/1"}],"replies":[{"embeddable":true,"href":"https:\/\/www.martialis.fr\/index.php\/wp-json\/wp\/v2\/comments?post=2"}],"version-history":[{"count":83,"href":"https:\/\/www.martialis.fr\/index.php\/wp-json\/wp\/v2\/pages\/2\/revisions"}],"predecessor-version":[{"id":352,"href":"https:\/\/www.martialis.fr\/index.php\/wp-json\/wp\/v2\/pages\/2\/revisions\/352"}],"wp:attachment":[{"href":"https:\/\/www.martialis.fr\/index.php\/wp-json\/wp\/v2\/media?parent=2"}],"curies":[{"name":"wp","href":"https:\/\/api.w.org\/{rel}","templated":true}]}}